{"id":204,"date":"2025-03-11T20:19:36","date_gmt":"2025-03-11T20:19:36","guid":{"rendered":"https:\/\/musikfest.mvkirchdorf.org\/?page_id=204"},"modified":"2025-03-11T20:20:44","modified_gmt":"2025-03-11T20:20:44","slug":"datenschutz","status":"publish","type":"page","link":"https:\/\/musikfest.mvkirchdorf.org\/?page_id=204","title":{"rendered":"Datenschutz"},"content":{"rendered":"<p>Verantwortlicher<\/p>\n<p>Musikverein Kirchdorf am Inn<br \/>\nPirath 7<br \/>\n4943 Kirchdorf am Inn<br \/>\n\u00d6sterreich<br \/>\nE-Mail: obfrau(at)mvkirchdorf.org<\/p>\n<p>Erhebung und Verarbeitung personenbezogener Daten<\/p>\n<p>Wir erheben und verarbeiten personenbezogene Daten unserer Nutzer nur, soweit dies zur Bereitstellung einer funktionsf\u00e4higen Website sowie unserer Inhalte und Leistungen erforderlich ist. Die Verarbeitung personenbezogener Daten unserer Nutzer erfolgt regelm\u00e4\u00dfig nur nach deren Einwilligung. Eine Ausnahme gilt in solchen F\u00e4llen, in denen eine vorherige Einholung einer Einwilligung aus tats\u00e4chlichen Gr\u00fcnden nicht m\u00f6glich ist und die Verarbeitung der Daten durch gesetzliche Vorschriften gestattet ist.<\/p>\n<p>Server-Log-Dateien<\/p>\n<p>Bei jedem Zugriff auf unsere Website erfasst unser System automatisiert Daten und Informationen vom Computersystem des aufrufenden Rechners. Folgende Daten werden hierbei erhoben:<\/p>\n<p>Informationen \u00fcber den Browsertyp und die verwendete Version<br \/>\nDas Betriebssystem des Nutzers<br \/>\nDen Internet-Service-Provider des Nutzers<br \/>\nDie IP-Adresse des Nutzers<br \/>\nDatum und Uhrzeit des Zugriffs<br \/>\nWebsites, von denen das System des Nutzers auf unsere Internetseite gelangt<br \/>\nWebsites, die vom System des Nutzers \u00fcber unsere Website aufgerufen werden<br \/>\nDie Daten werden ebenfalls in den Logfiles unseres Systems gespeichert. Eine Speicherung dieser Daten zusammen mit anderen personenbezogenen Daten des Nutzers findet nicht statt.<\/p>\n<p>Cookies<\/p>\n<p>Unsere Website verwendet Cookies. Cookies sind Textdateien, die im Internetbrowser bzw. vom Internetbrowser auf dem Computersystem des Nutzers gespeichert werden. Ruft ein Nutzer eine Website auf, so kann ein Cookie auf dem Betriebssystem des Nutzers gespeichert werden. Dieser Cookie enth\u00e4lt eine charakteristische Zeichenfolge, die eine eindeutige Identifizierung des Browsers beim erneuten Aufrufen der Website erm\u00f6glicht.<\/p>\n<p>Wir setzen Cookies ein, um unsere Website nutzerfreundlicher zu gestalten. Einige Elemente unserer Internetseite erfordern es, dass der aufrufende Browser auch nach einem Seitenwechsel identifiziert werden kann.<\/p>\n<p>Kontaktformular und E-Mail-Kontakt<\/p>\n<p>Auf unserer Internetseite ist ein Kontaktformular vorhanden, welches f\u00fcr die elektronische Kontaktaufnahme genutzt werden kann. Nimmt ein Nutzer diese M\u00f6glichkeit wahr, so werden die in der Eingabemaske eingegeben Daten an uns \u00fcbermittelt und gespeichert. Diese Daten sind:<\/p>\n<p>Name<br \/>\nE-Mail-Adresse<br \/>\nNachrichtentext<br \/>\nIm Zeitpunkt der Absendung der Nachricht werden zudem folgende Daten gespeichert:<\/p>\n<p>Die IP-Adresse des Nutzers<br \/>\nDatum und Uhrzeit der Registrierung<br \/>\nF\u00fcr die Verarbeitung der Daten wird im Rahmen des Absendevorgangs Ihre Einwilligung eingeholt und auf diese Datenschutzerkl\u00e4rung verwiesen.<\/p>\n<p>Alternativ ist eine Kontaktaufnahme \u00fcber die bereitgestellte E-Mail-Adresse m\u00f6glich. In diesem Fall werden die mit der E-Mail \u00fcbermittelten personenbezogenen Daten des Nutzers gespeichert.<\/p>\n<p>Es erfolgt in diesem Zusammenhang keine Weitergabe der Daten an Dritte. Die Daten werden ausschlie\u00dflich f\u00fcr die Verarbeitung der Konversation verwendet.<\/p>\n<p>Rechte der betroffenen Person<\/p>\n<p>Werden personenbezogene Daten von Ihnen verarbeitet, sind Sie Betroffener i.S.d. DSGVO und es stehen Ihnen folgende Rechte gegen\u00fcber dem Verantwortlichen zu:<\/p>\n<p>Auskunftsrecht<br \/>\nRecht auf Berichtigung<br \/>\nRecht auf Einschr\u00e4nkung der Verarbeitung<br \/>\nRecht auf L\u00f6schung<br \/>\nRecht auf Unterrichtung<br \/>\nRecht auf Daten\u00fcbertragbarkeit<br \/>\nWiderspruchsrecht<br \/>\nRecht auf Widerruf der datenschutzrechtlichen Einwilligungserkl\u00e4rung<br \/>\nRecht auf Beschwerde bei einer Aufsichtsbeh\u00f6rde<br \/>\n\u00c4nderung der Datenschutzerkl\u00e4rung<\/p>\n<p>Wir behalten uns vor, diese Datenschutzerkl\u00e4rung gelegentlich anzupassen, damit sie stets den aktuellen rechtlichen Anforderungen entspricht oder um \u00c4nderungen unserer Leistungen in der Datenschutzerkl\u00e4rung umzusetzen, z.B. bei der Einf\u00fchrung neuer Services. F\u00fcr Ihren erneuten Besuch gilt dann die neue Datenschutzerkl\u00e4rung.<\/p>\n","protected":false},"excerpt":{"rendered":"<p>Verantwortlicher Musikverein Kirchdorf am Inn Pirath 7 4943 Kirchdorf am Inn \u00d6sterreich E-Mail: obfrau(at)mvkirchdorf.org Erhebung und Verarbeitung personenbezogener Daten Wir erheben und verarbeiten personenbezogene Daten unserer Nutzer nur, soweit dies zur Bereitstellung einer funktionsf\u00e4higen Website sowie unserer Inhalte und Leistungen erforderlich ist. Die Verarbeitung personenbezogener Daten unserer Nutzer erfolgt regelm\u00e4\u00dfig nur nach deren Einwilligung. Eine [&hellip;]<\/p>\n","protected":false},"author":1,"featured_media":0,"parent":0,"menu_order":0,"comment_status":"closed","ping_status":"closed","template":"","meta":{"footnotes":""},"class_list":["post-204","page","type-page","status-publish","hentry"],"_links":{"self":[{"href":"https:\/\/musikfest.mvkirchdorf.org\/index.php?rest_route=\/wp\/v2\/pages\/204","targetHints":{"allow":["GET"]}}],"collection":[{"href":"https:\/\/musikfest.mvkirchdorf.org\/index.php?rest_route=\/wp\/v2\/pages"}],"about":[{"href":"https:\/\/musikfest.mvkirchdorf.org\/index.php?rest_route=\/wp\/v2\/types\/page"}],"author":[{"embeddable":true,"href":"https:\/\/musikfest.mvkirchdorf.org\/index.php?rest_route=\/wp\/v2\/users\/1"}],"replies":[{"embeddable":true,"href":"https:\/\/musikfest.mvkirchdorf.org\/index.php?rest_route=%2Fwp%2Fv2%2Fcomments&post=204"}],"version-history":[{"count":2,"href":"https:\/\/musikfest.mvkirchdorf.org\/index.php?rest_route=\/wp\/v2\/pages\/204\/revisions"}],"predecessor-version":[{"id":206,"href":"https:\/\/musikfest.mvkirchdorf.org\/index.php?rest_route=\/wp\/v2\/pages\/204\/revisions\/206"}],"wp:attachment":[{"href":"https:\/\/musikfest.mvkirchdorf.org\/index.php?rest_route=%2Fwp%2Fv2%2Fmedia&parent=204"}],"curies":[{"name":"wp","href":"https:\/\/api.w.org\/{rel}","templated":true}]}}